{"id":20,"date":"2017-07-30T12:08:35","date_gmt":"2017-07-30T12:08:35","guid":{"rendered":"https:\/\/susisbambinis.de\/?page_id=20"},"modified":"2017-07-30T12:30:21","modified_gmt":"2017-07-30T12:30:21","slug":"service","status":"publish","type":"page","link":"https:\/\/susisbambinis.de\/?page_id=20","title":{"rendered":"Mein besonderer Service"},"content":{"rendered":"<p>Zus\u00e4tzlich biete ich Ihnen einen <strong>kostenlosen Hol- und Bringservice<\/strong> an, z.B. f\u00fcr den Fall, dass Sie nicht mobil sind oder das Kind nach der Betreuung zu den Gro\u00dfeltern etc. soll. Sprechen Sie mich einfach darauf an.<\/p>\n","protected":false},"excerpt":{"rendered":"<p>Zus\u00e4tzlich biete ich Ihnen einen kostenlosen Hol- und Bringservice an, z.B. f\u00fcr den Fall, dass Sie nicht mobil sind oder das Kind nach der Betreuung zu den Gro\u00dfeltern etc. soll. Sprechen Sie mich einfach darauf an.<\/p>\n","protected":false},"author":2,"featured_media":0,"parent":0,"menu_order":0,"comment_status":"closed","ping_status":"closed","template":"","meta":{"footnotes":""},"_links":{"self":[{"href":"https:\/\/susisbambinis.de\/index.php?rest_route=\/wp\/v2\/pages\/20"}],"collection":[{"href":"https:\/\/susisbambinis.de\/index.php?rest_route=\/wp\/v2\/pages"}],"about":[{"href":"https:\/\/susisbambinis.de\/index.php?rest_route=\/wp\/v2\/types\/page"}],"author":[{"embeddable":true,"href":"https:\/\/susisbambinis.de\/index.php?rest_route=\/wp\/v2\/users\/2"}],"replies":[{"embeddable":true,"href":"https:\/\/susisbambinis.de\/index.php?rest_route=%2Fwp%2Fv2%2Fcomments&post=20"}],"version-history":[{"count":4,"href":"https:\/\/susisbambinis.de\/index.php?rest_route=\/wp\/v2\/pages\/20\/revisions"}],"predecessor-version":[{"id":29,"href":"https:\/\/susisbambinis.de\/index.php?rest_route=\/wp\/v2\/pages\/20\/revisions\/29"}],"wp:attachment":[{"href":"https:\/\/susisbambinis.de\/index.php?rest_route=%2Fwp%2Fv2%2Fmedia&parent=20"}],"curies":[{"name":"wp","href":"https:\/\/api.w.org\/{rel}","templated":true}]}}