{"id":14,"date":"2017-07-30T12:07:32","date_gmt":"2017-07-30T12:07:32","guid":{"rendered":"https:\/\/susisbambinis.de\/?page_id=14"},"modified":"2017-07-30T12:12:26","modified_gmt":"2017-07-30T12:12:26","slug":"ueber-mich","status":"publish","type":"page","link":"https:\/\/susisbambinis.de\/?page_id=14","title":{"rendered":"\u00dcber mich"},"content":{"rendered":"<p>Ich hei\u00dfe Susanne und habe eine Qualifikation zur Tagespflegeperson absolviert. Mein Mann und ich leben derzeit in einer Wohnung von der aus ich meine T\u00e4tigkeit f\u00fchre. Zu meinen St\u00e4rken geh\u00f6ren: Kreativit\u00e4t, Offenheit, F\u00fcrsorglichkeit und Verantwortungsbewusstsein. Auf den Beruf der Tagespflegeperson bin ich durch eine Bekannte mit langj\u00e4hriger Erfahrung aufmerksam geworden und konnte einige Erfahrungen und eindr\u00fccke sammeln. Mich begeistert die Zusammenarbeit mit jungen Menschen und an Ihrer Entwicklung teilhaben zu d\u00fcrfen.<\/p>\n","protected":false},"excerpt":{"rendered":"<p>Ich hei\u00dfe Susanne und habe eine Qualifikation zur Tagespflegeperson absolviert. Mein Mann und ich leben derzeit in einer Wohnung von der aus ich meine T\u00e4tigkeit f\u00fchre. Zu meinen St\u00e4rken geh\u00f6ren: Kreativit\u00e4t, Offenheit, F\u00fcrsorglichkeit und Verantwortungsbewusstsein. Auf den Beruf der Tagespflegeperson bin ich durch eine Bekannte mit langj\u00e4hriger Erfahrung aufmerksam geworden und konnte einige Erfahrungen und &hellip; <a href=\"https:\/\/susisbambinis.de\/?page_id=14\" class=\"more-link\"><span class=\"screen-reader-text\">\u00dcber mich<\/span> weiterlesen<\/a><\/p>\n","protected":false},"author":2,"featured_media":0,"parent":0,"menu_order":0,"comment_status":"closed","ping_status":"closed","template":"","meta":{"footnotes":""},"_links":{"self":[{"href":"https:\/\/susisbambinis.de\/index.php?rest_route=\/wp\/v2\/pages\/14"}],"collection":[{"href":"https:\/\/susisbambinis.de\/index.php?rest_route=\/wp\/v2\/pages"}],"about":[{"href":"https:\/\/susisbambinis.de\/index.php?rest_route=\/wp\/v2\/types\/page"}],"author":[{"embeddable":true,"href":"https:\/\/susisbambinis.de\/index.php?rest_route=\/wp\/v2\/users\/2"}],"replies":[{"embeddable":true,"href":"https:\/\/susisbambinis.de\/index.php?rest_route=%2Fwp%2Fv2%2Fcomments&post=14"}],"version-history":[{"count":3,"href":"https:\/\/susisbambinis.de\/index.php?rest_route=\/wp\/v2\/pages\/14\/revisions"}],"predecessor-version":[{"id":23,"href":"https:\/\/susisbambinis.de\/index.php?rest_route=\/wp\/v2\/pages\/14\/revisions\/23"}],"wp:attachment":[{"href":"https:\/\/susisbambinis.de\/index.php?rest_route=%2Fwp%2Fv2%2Fmedia&parent=14"}],"curies":[{"name":"wp","href":"https:\/\/api.w.org\/{rel}","templated":true}]}}